{"id":2328,"date":"2021-03-19T15:35:43","date_gmt":"2021-03-19T14:35:43","guid":{"rendered":"https:\/\/sevenspaces.pl\/?page_id=2328"},"modified":"2023-02-03T02:50:12","modified_gmt":"2023-02-03T01:50:12","slug":"tapety","status":"publish","type":"page","link":"https:\/\/sevenspaces.pl\/?page_id=2328","title":{"rendered":"Tapety"},"content":{"rendered":"<p><div class=\"fusion-fullwidth fullwidth-box fusion-builder-row-1 fusion-parallax-none nonhundred-percent-fullwidth hundred-percent-height hundred-percent-height-center-content non-hundred-percent-height-scrolling\" style=\"--awb-border-radius-top-left:0px;--awb-border-radius-top-right:0px;--awb-border-radius-bottom-right:0px;--awb-border-radius-bottom-left:0px;--awb-background-image:url(&quot;https:\/\/sevenspaces.pl\/wp-content\/uploads\/2021\/05\/baner-23-d.jpg&quot;);--awb-background-size:cover;--awb-flex-wrap:wrap;\" ><div class=\"fusion-fullwidth-center-content\"><div class=\"fusion-builder-row fusion-row\"><\/div><\/div><\/div><div class=\"fusion-fullwidth fullwidth-box fusion-builder-row-2 nonhundred-percent-fullwidth non-hundred-percent-height-scrolling\" style=\"--awb-border-radius-top-left:0px;--awb-border-radius-top-right:0px;--awb-border-radius-bottom-right:0px;--awb-border-radius-bottom-left:0px;--awb-padding-top:0px;--awb-flex-wrap:wrap;\" ><div class=\"fusion-builder-row fusion-row\"><div class=\"fusion-layout-column fusion_builder_column fusion-builder-column-0 fusion_builder_column_1_1 1_1 fusion-one-full fusion-column-first fusion-column-last\" style=\"--awb-padding-top:20px;--awb-bg-size:cover;--awb-margin-top:20px;\"><div class=\"fusion-column-wrapper fusion-column-has-shadow fusion-flex-column-wrapper-legacy\"><div class=\"fusion-image-element fusion-image-align-center in-legacy-container\" style=\"text-align:center;--awb-max-width:100px;--awb-caption-title-font-family:var(--h2_typography-font-family);--awb-caption-title-font-weight:var(--h2_typography-font-weight);--awb-caption-title-font-style:var(--h2_typography-font-style);--awb-caption-title-size:var(--h2_typography-font-size);--awb-caption-title-transform:var(--h2_typography-text-transform);--awb-caption-title-line-height:var(--h2_typography-line-height);--awb-caption-title-letter-spacing:var(--h2_typography-letter-spacing);\"><div class=\"imageframe-align-center\"><span class=\" fusion-imageframe imageframe-none imageframe-1 hover-type-none\"><img decoding=\"async\" width=\"181\" height=\"215\" title=\"icon_tapety_g\" src=\"https:\/\/sevenspaces.pl\/wp-content\/uploads\/2021\/03\/icon_tapety_g.png\" alt class=\"img-responsive wp-image-1501\"\/><\/span><\/div><\/div><div class=\"fusion-text fusion-text-1\"><h4 class=\"title-heading-center fusion-live-editable\" style=\"text-align: center;\" data-inline-parent-cid=\"14\" data-inline-override-color=\"text_color\" data-inline-override-font-size=\"font_size\" data-inline-override-line-height=\"line_height\" data-inline-override-letter-spacing=\"letter_spacing\" data-inline-override-tag=\"size\" data-toolbar=\"full\" data-param=\"element_content\" data-fontsize=\"32\" data-lineheight=\"48\">Tapety i dywany do pokoi, kuchni i \u0142azienek<\/h4>\n<\/div><div class=\"fusion-text fusion-text-2\"><p style=\"text-align: center;\">Tapety \u015bcienne stwarzaj\u0105 ogromne mo\u017cliwo\u015bci aran\u017cacyjne praktycznie ka\u017cdego pomieszczenia \u2013 salonu, kuchni, sypialni czy nawet \u0142azienki. Nie do przecenienia jest charakterystyczna dla tapet ich imponuj\u0105ca trwa\u0142o\u015b\u0107, \u0142atwo\u015b\u0107 monta\u017cu, czy te\u017c odporno\u015b\u0107 na \u015bcieranie i zabrudzenia.<\/p>\n<p style=\"text-align: center;\">Najwy\u017cszej jako\u015bci dywany stanowi\u0105 ozdob\u0119 wn\u0119trz przez d\u0142ugie lata. Szeroka gama oryginalnych linii wzorniczych oferowanych dywan\u00f3w pozwoli nada\u0107 Twojemu wn\u0119trzu unikalny charakter.<\/p>\n<\/div><div class=\"fusion-clearfix\"><\/div><\/div><\/div><\/div><\/div><div class=\"fusion-fullwidth fullwidth-box fusion-builder-row-3 fusion-parallax-none nonhundred-percent-fullwidth non-hundred-percent-height-scrolling\" style=\"--awb-background-position:center top;--awb-border-radius-top-left:0px;--awb-border-radius-top-right:0px;--awb-border-radius-bottom-right:0px;--awb-border-radius-bottom-left:0px;--awb-padding-top:3%;--awb-padding-bottom:6%;--awb-margin-top:0px;--awb-margin-bottom:0px;--awb-background-image:url(&quot;https:\/\/sevenspaces.pl\/wp-content\/uploads\/2018\/12\/avadabarbers-about-introbackground.jpg&quot;);--awb-background-size:cover;--awb-flex-wrap:wrap;\" ><div class=\"fusion-builder-row fusion-row\"><div class=\"fusion-layout-column fusion_builder_column fusion-builder-column-1 fusion_builder_column_1_1 1_1 fusion-one-full fusion-column-first fusion-column-last fusion-animated\" style=\"--awb-bg-position:center top;--awb-bg-size:cover;\" data-animationType=\"fadeInUp\" data-animationDuration=\"0.3\" data-animationOffset=\"top-into-view\"><div class=\"fusion-column-wrapper fusion-flex-column-wrapper-legacy\"><div class=\"fusion-column-content-centered\"><div class=\"fusion-column-content\"><div class=\"fusion-title title fusion-title-1 fusion-sep-none fusion-title-center fusion-title-text fusion-title-size-three\" style=\"--awb-margin-bottom:50px;--awb-font-size:70px;\"><h3 class=\"fusion-title-heading title-heading-center fusion-responsive-typography-calculated\" style=\"margin:0;font-size:1em;--fontSize:70;line-height:1.4;\">Producenci<\/h3><\/div><\/div><\/div><div class=\"fusion-clearfix\"><\/div><\/div><\/div><div class=\"fusion-layout-column fusion_builder_column fusion-builder-column-2 fusion_builder_column_1_1 1_1 fusion-one-full fusion-column-first fusion-column-last fusion-animated\" style=\"--awb-bg-size:cover;\" data-animationType=\"fadeInUp\" data-animationDuration=\"0.6\" data-animationOffset=\"top-into-view\"><div class=\"fusion-column-wrapper fusion-flex-column-wrapper-legacy\"><div class=\"fusion-column-content-centered\"><div class=\"fusion-column-content\"><div class=\"awb-gallery-wrapper awb-gallery-wrapper-1 button-span-no\" data-limit=\"10\" data-page=\"1\"><div style=\"margin:-2px;--awb-bordersize:0px;\" class=\"fusion-gallery fusion-gallery-container fusion-grid-4 fusion-columns-total-2 fusion-gallery-layout-grid fusion-gallery-1\"><div style=\"padding:2.5px;\" class=\"fusion-grid-column fusion-gallery-column fusion-gallery-column-4 hover-type-zoomin\"><div class=\"fusion-gallery-image\"><a href=\"https:\/\/sevenspaces.pl\/?page_id=1902\" rel=\"noreferrer\" data-rel=\"iLightbox[gallery_image_1]\" class=\"fusion-lightbox\" target=\"_self\"><img decoding=\"async\" src=\"https:\/\/sevenspaces.pl\/wp-content\/uploads\/2021\/03\/loga-wonderwall.jpg\" width=\"537\" height=\"537\" alt=\"\" title=\"loga-wonderwall\" aria-label=\"loga-wonderwall\" class=\"img-responsive wp-image-2330\" srcset=\"https:\/\/sevenspaces.pl\/wp-content\/uploads\/2021\/03\/loga-wonderwall-200x200.jpg 200w, https:\/\/sevenspaces.pl\/wp-content\/uploads\/2021\/03\/loga-wonderwall-400x400.jpg 400w, https:\/\/sevenspaces.pl\/wp-content\/uploads\/2021\/03\/loga-wonderwall.jpg 537w\" sizes=\"(min-width: 2200px) 100vw, (min-width: 856px) 284px, (min-width: 784px) 378px, (min-width: 712px) 567px, (min-width: 640px) 712px, \" \/><\/a><\/div><\/div><div style=\"padding:2.5px;\" class=\"fusion-grid-column fusion-gallery-column fusion-gallery-column-4 hover-type-zoomin\"><div class=\"fusion-gallery-image\"><a href=\"https:\/\/sevenspaces.pl\/?page_id=3069\" rel=\"noreferrer\" data-rel=\"iLightbox[gallery_image_1]\" class=\"fusion-lightbox\" target=\"_self\"><img decoding=\"async\" src=\"https:\/\/sevenspaces.pl\/wp-content\/uploads\/2023\/02\/CM_logo.jpg\" width=\"537\" height=\"537\" alt=\"\" title=\"C&#038;M_logo\" aria-label=\"C&#038;M_logo\" class=\"img-responsive wp-image-3065\" srcset=\"https:\/\/sevenspaces.pl\/wp-content\/uploads\/2023\/02\/CM_logo-200x200.jpg 200w, https:\/\/sevenspaces.pl\/wp-content\/uploads\/2023\/02\/CM_logo-400x400.jpg 400w, https:\/\/sevenspaces.pl\/wp-content\/uploads\/2023\/02\/CM_logo.jpg 537w\" sizes=\"(min-width: 2200px) 100vw, (min-width: 856px) 284px, (min-width: 784px) 378px, (min-width: 712px) 567px, (min-width: 640px) 712px, \" \/><\/a><\/div><\/div><\/div><\/div><\/div><\/div><div class=\"fusion-clearfix\"><\/div><\/div><\/div><\/div><\/div><\/p>\n","protected":false},"excerpt":{"rendered":"","protected":false},"author":7,"featured_media":0,"parent":17,"menu_order":0,"comment_status":"closed","ping_status":"closed","template":"100-width.php","meta":{"footnotes":""},"class_list":["post-2328","page","type-page","status-publish","hentry"],"yoast_head":"<!-- This site is optimized with the Yoast SEO plugin v27.6 - https:\/\/yoast.com\/product\/yoast-seo-wordpress\/ -->\n<title>Tapety - Seven Spaces Showroom<\/title>\n<meta name=\"robots\" content=\"index, follow, max-snippet:-1, max-image-preview:large, max-video-preview:-1\" \/>\n<link rel=\"canonical\" href=\"https:\/\/sevenspaces.pl\/?page_id=2328\" \/>\n<meta property=\"og:locale\" content=\"pl_PL\" \/>\n<meta property=\"og:type\" content=\"article\" \/>\n<meta property=\"og:title\" content=\"Tapety - Seven Spaces Showroom\" \/>\n<meta property=\"og:url\" content=\"https:\/\/sevenspaces.pl\/?page_id=2328\" \/>\n<meta property=\"og:site_name\" content=\"Seven Spaces Showroom\" \/>\n<meta property=\"article:modified_time\" content=\"2023-02-03T01:50:12+00:00\" \/>\n<meta name=\"twitter:card\" content=\"summary_large_image\" \/>\n<meta name=\"twitter:label1\" content=\"Szacowany czas czytania\" \/>\n\t<meta name=\"twitter:data1\" content=\"4 minuty\" \/>\n<script type=\"application\/ld+json\" class=\"yoast-schema-graph\">{\"@context\":\"https:\\\/\\\/schema.org\",\"@graph\":[{\"@type\":\"WebPage\",\"@id\":\"https:\\\/\\\/sevenspaces.pl\\\/?page_id=2328\",\"url\":\"https:\\\/\\\/sevenspaces.pl\\\/?page_id=2328\",\"name\":\"Tapety - Seven Spaces Showroom\",\"isPartOf\":{\"@id\":\"https:\\\/\\\/sevenspaces.pl\\\/#website\"},\"datePublished\":\"2021-03-19T14:35:43+00:00\",\"dateModified\":\"2023-02-03T01:50:12+00:00\",\"breadcrumb\":{\"@id\":\"https:\\\/\\\/sevenspaces.pl\\\/?page_id=2328#breadcrumb\"},\"inLanguage\":\"pl-PL\",\"potentialAction\":[{\"@type\":\"ReadAction\",\"target\":[\"https:\\\/\\\/sevenspaces.pl\\\/?page_id=2328\"]}]},{\"@type\":\"BreadcrumbList\",\"@id\":\"https:\\\/\\\/sevenspaces.pl\\\/?page_id=2328#breadcrumb\",\"itemListElement\":[{\"@type\":\"ListItem\",\"position\":1,\"name\":\"Strona g\u0142\u00f3wna\",\"item\":\"https:\\\/\\\/sevenspaces.pl\\\/\"},{\"@type\":\"ListItem\",\"position\":2,\"name\":\"Produkty\",\"item\":\"https:\\\/\\\/sevenspaces.pl\\\/?page_id=17\"},{\"@type\":\"ListItem\",\"position\":3,\"name\":\"Tapety\"}]},{\"@type\":\"WebSite\",\"@id\":\"https:\\\/\\\/sevenspaces.pl\\\/#website\",\"url\":\"https:\\\/\\\/sevenspaces.pl\\\/\",\"name\":\"Seven Spaces Showroom\",\"description\":\"\",\"potentialAction\":[{\"@type\":\"SearchAction\",\"target\":{\"@type\":\"EntryPoint\",\"urlTemplate\":\"https:\\\/\\\/sevenspaces.pl\\\/?s={search_term_string}\"},\"query-input\":{\"@type\":\"PropertyValueSpecification\",\"valueRequired\":true,\"valueName\":\"search_term_string\"}}],\"inLanguage\":\"pl-PL\"}]}<\/script>\n<!-- \/ Yoast SEO plugin. -->","yoast_head_json":{"title":"Tapety - Seven Spaces Showroom","robots":{"index":"index","follow":"follow","max-snippet":"max-snippet:-1","max-image-preview":"max-image-preview:large","max-video-preview":"max-video-preview:-1"},"canonical":"https:\/\/sevenspaces.pl\/?page_id=2328","og_locale":"pl_PL","og_type":"article","og_title":"Tapety - Seven Spaces Showroom","og_url":"https:\/\/sevenspaces.pl\/?page_id=2328","og_site_name":"Seven Spaces Showroom","article_modified_time":"2023-02-03T01:50:12+00:00","twitter_card":"summary_large_image","twitter_misc":{"Szacowany czas czytania":"4 minuty"},"schema":{"@context":"https:\/\/schema.org","@graph":[{"@type":"WebPage","@id":"https:\/\/sevenspaces.pl\/?page_id=2328","url":"https:\/\/sevenspaces.pl\/?page_id=2328","name":"Tapety - Seven Spaces Showroom","isPartOf":{"@id":"https:\/\/sevenspaces.pl\/#website"},"datePublished":"2021-03-19T14:35:43+00:00","dateModified":"2023-02-03T01:50:12+00:00","breadcrumb":{"@id":"https:\/\/sevenspaces.pl\/?page_id=2328#breadcrumb"},"inLanguage":"pl-PL","potentialAction":[{"@type":"ReadAction","target":["https:\/\/sevenspaces.pl\/?page_id=2328"]}]},{"@type":"BreadcrumbList","@id":"https:\/\/sevenspaces.pl\/?page_id=2328#breadcrumb","itemListElement":[{"@type":"ListItem","position":1,"name":"Strona g\u0142\u00f3wna","item":"https:\/\/sevenspaces.pl\/"},{"@type":"ListItem","position":2,"name":"Produkty","item":"https:\/\/sevenspaces.pl\/?page_id=17"},{"@type":"ListItem","position":3,"name":"Tapety"}]},{"@type":"WebSite","@id":"https:\/\/sevenspaces.pl\/#website","url":"https:\/\/sevenspaces.pl\/","name":"Seven Spaces Showroom","description":"","potentialAction":[{"@type":"SearchAction","target":{"@type":"EntryPoint","urlTemplate":"https:\/\/sevenspaces.pl\/?s={search_term_string}"},"query-input":{"@type":"PropertyValueSpecification","valueRequired":true,"valueName":"search_term_string"}}],"inLanguage":"pl-PL"}]}},"_links":{"self":[{"href":"https:\/\/sevenspaces.pl\/index.php?rest_route=\/wp\/v2\/pages\/2328","targetHints":{"allow":["GET"]}}],"collection":[{"href":"https:\/\/sevenspaces.pl\/index.php?rest_route=\/wp\/v2\/pages"}],"about":[{"href":"https:\/\/sevenspaces.pl\/index.php?rest_route=\/wp\/v2\/types\/page"}],"author":[{"embeddable":true,"href":"https:\/\/sevenspaces.pl\/index.php?rest_route=\/wp\/v2\/users\/7"}],"replies":[{"embeddable":true,"href":"https:\/\/sevenspaces.pl\/index.php?rest_route=%2Fwp%2Fv2%2Fcomments&post=2328"}],"version-history":[{"count":14,"href":"https:\/\/sevenspaces.pl\/index.php?rest_route=\/wp\/v2\/pages\/2328\/revisions"}],"predecessor-version":[{"id":3076,"href":"https:\/\/sevenspaces.pl\/index.php?rest_route=\/wp\/v2\/pages\/2328\/revisions\/3076"}],"up":[{"embeddable":true,"href":"https:\/\/sevenspaces.pl\/index.php?rest_route=\/wp\/v2\/pages\/17"}],"wp:attachment":[{"href":"https:\/\/sevenspaces.pl\/index.php?rest_route=%2Fwp%2Fv2%2Fmedia&parent=2328"}],"curies":[{"name":"wp","href":"https:\/\/api.w.org\/{rel}","templated":true}]}}