{"id":1672,"date":"2021-03-08T13:34:29","date_gmt":"2021-03-08T12:34:29","guid":{"rendered":"https:\/\/sevenspaces.pl\/?page_id=1672"},"modified":"2021-06-04T09:26:08","modified_gmt":"2021-06-04T07:26:08","slug":"falmec","status":"publish","type":"page","link":"https:\/\/sevenspaces.pl\/?page_id=1672","title":{"rendered":"Falmec"},"content":{"rendered":"<div class=\"fusion-fullwidth fullwidth-box fusion-builder-row-1 fusion-flex-container fusion-parallax-none nonhundred-percent-fullwidth non-hundred-percent-height-scrolling\" style=\"--awb-background-position:center top;--awb-border-radius-top-left:0px;--awb-border-radius-top-right:0px;--awb-border-radius-bottom-right:0px;--awb-border-radius-bottom-left:0px;--awb-padding-top:3%;--awb-padding-bottom:6%;--awb-margin-bottom:0px;--awb-background-color:#171717;--awb-background-image:url(&quot;https:\/\/sevenspaces.pl\/wp-content\/uploads\/2018\/12\/avadabarbers-about-introbackground.jpg&quot;);--awb-background-size:cover;--awb-flex-wrap:wrap;\" ><div class=\"fusion-builder-row fusion-row fusion-flex-align-items-stretch fusion-flex-content-wrap\" style=\"max-width:1185.6px;margin-left: calc(-4% \/ 2 );margin-right: calc(-4% \/ 2 );\"><div class=\"fusion-layout-column fusion_builder_column fusion-builder-column-0 fusion_builder_column_1_1 1_1 fusion-flex-column fusion-flex-align-self-flex-start fusion-column-no-min-height\" style=\"--awb-padding-top:60px;--awb-bg-position:center top;--awb-bg-size:cover;--awb-width-large:100%;--awb-margin-top-large:0px;--awb-spacing-right-large:1.92%;--awb-margin-bottom-large:20px;--awb-spacing-left-large:1.92%;--awb-width-medium:100%;--awb-spacing-right-medium:1.92%;--awb-spacing-left-medium:1.92%;--awb-width-small:100%;--awb-spacing-right-small:1.92%;--awb-spacing-left-small:1.92%;\"><div class=\"fusion-column-wrapper fusion-flex-justify-content-center fusion-content-layout-column\"><div class=\"fusion-title title fusion-title-1 fusion-sep-none fusion-title-center fusion-title-text fusion-title-size-two\" style=\"--awb-margin-bottom:0px;\"><h2 class=\"fusion-title-heading title-heading-center fusion-responsive-typography-calculated\" style=\"margin:0;--fontSize:16;--minFontSize:16;line-height:1.2;\">OKAPY WYSPOWE \u015aCIENNE PODSZAFKOWE I ZINTEGROWANE Z P\u0141YT\u0104 ORAZ P\u0141YTY GRZEWCZE<\/h2><\/div><div class=\"fusion-title title fusion-title-2 fusion-sep-none fusion-title-center fusion-title-text fusion-title-size-three\" style=\"--awb-margin-bottom:40px;--awb-font-size:70px;\"><h3 class=\"fusion-title-heading title-heading-center fusion-responsive-typography-calculated\" style=\"margin:0;font-size:1em;--fontSize:70;line-height:1.4;\">Falmec<\/h3><\/div><\/div><\/div><div class=\"fusion-layout-column fusion_builder_column fusion-builder-column-1 fusion_builder_column_1_1 1_1 fusion-flex-column\" style=\"--awb-bg-size:cover;--awb-width-large:100%;--awb-margin-top-large:0px;--awb-spacing-right-large:1.92%;--awb-margin-bottom-large:20px;--awb-spacing-left-large:1.92%;--awb-width-medium:100%;--awb-spacing-right-medium:1.92%;--awb-spacing-left-medium:1.92%;--awb-width-small:100%;--awb-spacing-right-small:1.92%;--awb-spacing-left-small:1.92%;\"><div class=\"fusion-column-wrapper fusion-column-has-shadow fusion-flex-justify-content-flex-start fusion-content-layout-column\">\n<div class=\"fusion-slider-revolution rev_slider_wrapper\">\t\t\t<!-- START Falmec REVOLUTION SLIDER 6.6.18 --><p class=\"rs-p-wp-fix\"><\/p>\n\t\t\t<rs-module-wrap id=\"rev_slider_9_1_wrapper\" data-source=\"gallery\" style=\"visibility:hidden;background:transparent;padding:0;margin:0px auto;margin-top:0;margin-bottom:0;\">\n\t\t\t\t<rs-module id=\"rev_slider_9_1\" style=\"\" data-version=\"6.6.18\">\n\t\t\t\t\t<rs-slides style=\"overflow: hidden; position: absolute;\">\n\t\t\t\t\t\t<rs-slide style=\"position: absolute;\" data-key=\"rs-1589\" data-title=\"Slide\" data-thumb=\"\/\/sevenspaces.pl\/wp-content\/uploads\/2021\/03\/Falmec_01-50x100.jpg\" data-anim=\"ms:1000;r:0;\" data-in=\"o:0;\" data-out=\"a:false;\">\n\t\t\t\t\t\t\t<img decoding=\"async\" src=\"\/\/sevenspaces.pl\/wp-content\/plugins\/revslider\/public\/assets\/assets\/dummy.png\" alt=\"\" title=\"Falmec\" class=\"rev-slidebg tp-rs-img rs-lazyload\" data-lazyload=\"\/\/sevenspaces.pl\/wp-content\/uploads\/2021\/03\/Falmec_01.jpg\" data-parallax=\"off\" data-no-retina>\n<!---->\t\t\t\t\t\t<\/rs-slide>\n\t\t\t\t\t\t<rs-slide style=\"position: absolute;\" data-key=\"rs-1590\" data-title=\"Slide\" data-thumb=\"\/\/sevenspaces.pl\/wp-content\/uploads\/2021\/03\/Falmec_02-50x100.jpg\" data-anim=\"ms:1000;r:0;\" data-in=\"o:0;\" data-out=\"a:false;\">\n\t\t\t\t\t\t\t<img decoding=\"async\" src=\"\/\/sevenspaces.pl\/wp-content\/plugins\/revslider\/public\/assets\/assets\/dummy.png\" alt=\"\" title=\"Falmec\" class=\"rev-slidebg tp-rs-img rs-lazyload\" data-lazyload=\"\/\/sevenspaces.pl\/wp-content\/uploads\/2021\/03\/Falmec_02.jpg\" data-parallax=\"off\" data-no-retina>\n<!---->\t\t\t\t\t\t<\/rs-slide>\n\t\t\t\t\t\t<rs-slide style=\"position: absolute;\" data-key=\"rs-1591\" data-title=\"Slide\" data-thumb=\"\/\/sevenspaces.pl\/wp-content\/uploads\/2021\/03\/Falmec_03-50x100.jpg\" data-anim=\"ms:1000;r:0;\" data-in=\"o:0;\" data-out=\"a:false;\">\n\t\t\t\t\t\t\t<img decoding=\"async\" src=\"\/\/sevenspaces.pl\/wp-content\/plugins\/revslider\/public\/assets\/assets\/dummy.png\" alt=\"\" title=\"Falmec\" class=\"rev-slidebg tp-rs-img rs-lazyload\" data-lazyload=\"\/\/sevenspaces.pl\/wp-content\/uploads\/2021\/03\/Falmec_03.jpg\" data-parallax=\"off\" data-no-retina>\n<!---->\t\t\t\t\t\t<\/rs-slide>\n\t\t\t\t\t\t<rs-slide style=\"position: absolute;\" data-key=\"rs-1592\" data-title=\"Slide\" data-thumb=\"\/\/sevenspaces.pl\/wp-content\/uploads\/2021\/03\/Falmec_04-50x100.jpg\" data-anim=\"ms:1000;r:0;\" data-in=\"o:0;\" data-out=\"a:false;\">\n\t\t\t\t\t\t\t<img decoding=\"async\" src=\"\/\/sevenspaces.pl\/wp-content\/plugins\/revslider\/public\/assets\/assets\/dummy.png\" alt=\"\" title=\"Falmec\" class=\"rev-slidebg tp-rs-img rs-lazyload\" data-lazyload=\"\/\/sevenspaces.pl\/wp-content\/uploads\/2021\/03\/Falmec_04.jpg\" data-parallax=\"off\" data-no-retina>\n<!---->\t\t\t\t\t\t<\/rs-slide>\n\t\t\t\t\t\t<rs-slide style=\"position: absolute;\" data-key=\"rs-1593\" data-title=\"Slide\" data-thumb=\"\/\/sevenspaces.pl\/wp-content\/uploads\/2021\/03\/Falmec_05-50x100.jpg\" data-anim=\"ms:1000;r:0;\" data-in=\"o:0;\" data-out=\"a:false;\">\n\t\t\t\t\t\t\t<img decoding=\"async\" src=\"\/\/sevenspaces.pl\/wp-content\/plugins\/revslider\/public\/assets\/assets\/dummy.png\" alt=\"\" title=\"Falmec\" class=\"rev-slidebg tp-rs-img rs-lazyload\" data-lazyload=\"\/\/sevenspaces.pl\/wp-content\/uploads\/2021\/03\/Falmec_05.jpg\" data-parallax=\"off\" data-no-retina>\n<!---->\t\t\t\t\t\t<\/rs-slide>\n\t\t\t\t\t\t<rs-slide style=\"position: absolute;\" data-key=\"rs-1594\" data-title=\"Slide\" data-thumb=\"\/\/sevenspaces.pl\/wp-content\/uploads\/2021\/03\/Falmec_06-50x100.jpg\" data-anim=\"ms:1000;r:0;\" data-in=\"o:0;\" data-out=\"a:false;\">\n\t\t\t\t\t\t\t<img decoding=\"async\" src=\"\/\/sevenspaces.pl\/wp-content\/plugins\/revslider\/public\/assets\/assets\/dummy.png\" alt=\"\" title=\"Falmec\" class=\"rev-slidebg tp-rs-img rs-lazyload\" data-lazyload=\"\/\/sevenspaces.pl\/wp-content\/uploads\/2021\/03\/Falmec_06.jpg\" data-parallax=\"off\" data-no-retina>\n<!---->\t\t\t\t\t\t<\/rs-slide>\n\t\t\t\t\t\t<rs-slide style=\"position: absolute;\" data-key=\"rs-1595\" data-title=\"Slide\" data-thumb=\"\/\/sevenspaces.pl\/wp-content\/uploads\/2021\/03\/Falmec_07-50x100.jpg\" data-anim=\"ms:1000;r:0;\" data-in=\"o:0;\" data-out=\"a:false;\">\n\t\t\t\t\t\t\t<img decoding=\"async\" src=\"\/\/sevenspaces.pl\/wp-content\/plugins\/revslider\/public\/assets\/assets\/dummy.png\" alt=\"\" title=\"Falmec\" class=\"rev-slidebg tp-rs-img rs-lazyload\" data-lazyload=\"\/\/sevenspaces.pl\/wp-content\/uploads\/2021\/03\/Falmec_07.jpg\" data-parallax=\"off\" data-no-retina>\n<!---->\t\t\t\t\t\t<\/rs-slide>\n\t\t\t\t\t\t<rs-slide style=\"position: absolute;\" data-key=\"rs-1596\" data-title=\"Slide\" data-thumb=\"\/\/sevenspaces.pl\/wp-content\/uploads\/2021\/03\/Falmec_08-50x100.jpg\" data-anim=\"ms:1000;r:0;\" data-in=\"o:0;\" data-out=\"a:false;\">\n\t\t\t\t\t\t\t<img decoding=\"async\" src=\"\/\/sevenspaces.pl\/wp-content\/plugins\/revslider\/public\/assets\/assets\/dummy.png\" alt=\"\" title=\"Falmec\" class=\"rev-slidebg tp-rs-img rs-lazyload\" data-lazyload=\"\/\/sevenspaces.pl\/wp-content\/uploads\/2021\/03\/Falmec_08.jpg\" data-parallax=\"off\" data-no-retina>\n<!---->\t\t\t\t\t\t<\/rs-slide>\n\t\t\t\t\t\t<rs-slide style=\"position: absolute;\" data-key=\"rs-1597\" data-title=\"Slide\" data-thumb=\"\/\/sevenspaces.pl\/wp-content\/uploads\/2021\/03\/Falmec_09-50x100.jpg\" data-anim=\"ms:1000;r:0;\" data-in=\"o:0;\" data-out=\"a:false;\">\n\t\t\t\t\t\t\t<img decoding=\"async\" src=\"\/\/sevenspaces.pl\/wp-content\/plugins\/revslider\/public\/assets\/assets\/dummy.png\" alt=\"\" title=\"Falmec\" class=\"rev-slidebg tp-rs-img rs-lazyload\" data-lazyload=\"\/\/sevenspaces.pl\/wp-content\/uploads\/2021\/03\/Falmec_09.jpg\" data-parallax=\"off\" data-no-retina>\n<!---->\t\t\t\t\t\t<\/rs-slide>\n\t\t\t\t\t\t<rs-slide style=\"position: absolute;\" data-key=\"rs-1598\" data-title=\"Slide\" data-thumb=\"\/\/sevenspaces.pl\/wp-content\/uploads\/2021\/03\/Falmec_10-50x100.jpg\" data-anim=\"ms:1000;r:0;\" data-in=\"o:0;\" data-out=\"a:false;\">\n\t\t\t\t\t\t\t<img decoding=\"async\" src=\"\/\/sevenspaces.pl\/wp-content\/plugins\/revslider\/public\/assets\/assets\/dummy.png\" alt=\"\" title=\"Falmec\" class=\"rev-slidebg tp-rs-img rs-lazyload\" data-lazyload=\"\/\/sevenspaces.pl\/wp-content\/uploads\/2021\/03\/Falmec_10.jpg\" data-parallax=\"off\" data-no-retina>\n<!---->\t\t\t\t\t\t<\/rs-slide>\n\t\t\t\t\t\t<rs-slide style=\"position: absolute;\" data-key=\"rs-1599\" data-title=\"Slide\" data-thumb=\"\/\/sevenspaces.pl\/wp-content\/uploads\/2021\/03\/Falmec_11-50x100.jpg\" data-anim=\"ms:1000;r:0;\" data-in=\"o:0;\" data-out=\"a:false;\">\n\t\t\t\t\t\t\t<img decoding=\"async\" src=\"\/\/sevenspaces.pl\/wp-content\/plugins\/revslider\/public\/assets\/assets\/dummy.png\" alt=\"\" title=\"Falmec\" class=\"rev-slidebg tp-rs-img rs-lazyload\" data-lazyload=\"\/\/sevenspaces.pl\/wp-content\/uploads\/2021\/03\/Falmec_11.jpg\" data-parallax=\"off\" data-no-retina>\n<!---->\t\t\t\t\t\t<\/rs-slide>\n\t\t\t\t\t\t<rs-slide style=\"position: absolute;\" data-key=\"rs-1600\" data-title=\"Slide\" data-thumb=\"\/\/sevenspaces.pl\/wp-content\/uploads\/2021\/03\/Falmec_12-50x100.jpg\" data-anim=\"ms:1000;r:0;\" data-in=\"o:0;\" data-out=\"a:false;\">\n\t\t\t\t\t\t\t<img decoding=\"async\" src=\"\/\/sevenspaces.pl\/wp-content\/plugins\/revslider\/public\/assets\/assets\/dummy.png\" alt=\"\" title=\"Falmec\" class=\"rev-slidebg tp-rs-img rs-lazyload\" data-lazyload=\"\/\/sevenspaces.pl\/wp-content\/uploads\/2021\/03\/Falmec_12.jpg\" data-parallax=\"off\" data-no-retina>\n<!---->\t\t\t\t\t\t<\/rs-slide>\n\t\t\t\t\t\t<rs-slide style=\"position: absolute;\" data-key=\"rs-1601\" data-title=\"Slide\" data-thumb=\"\/\/sevenspaces.pl\/wp-content\/uploads\/2021\/03\/Falmec_13-50x100.jpg\" data-anim=\"ms:1000;r:0;\" data-in=\"o:0;\" data-out=\"a:false;\">\n\t\t\t\t\t\t\t<img decoding=\"async\" src=\"\/\/sevenspaces.pl\/wp-content\/plugins\/revslider\/public\/assets\/assets\/dummy.png\" alt=\"\" title=\"Falmec\" class=\"rev-slidebg tp-rs-img rs-lazyload\" data-lazyload=\"\/\/sevenspaces.pl\/wp-content\/uploads\/2021\/03\/Falmec_13.jpg\" data-parallax=\"off\" data-no-retina>\n<!---->\t\t\t\t\t\t<\/rs-slide>\n\t\t\t\t\t\t<rs-slide style=\"position: absolute;\" data-key=\"rs-1602\" data-title=\"Slide\" data-thumb=\"\/\/sevenspaces.pl\/wp-content\/uploads\/2021\/03\/Falmec_14-50x100.jpg\" data-anim=\"ms:1000;r:0;\" data-in=\"o:0;\" data-out=\"a:false;\">\n\t\t\t\t\t\t\t<img decoding=\"async\" src=\"\/\/sevenspaces.pl\/wp-content\/plugins\/revslider\/public\/assets\/assets\/dummy.png\" alt=\"\" title=\"Falmec\" class=\"rev-slidebg tp-rs-img rs-lazyload\" data-lazyload=\"\/\/sevenspaces.pl\/wp-content\/uploads\/2021\/03\/Falmec_14.jpg\" data-parallax=\"off\" data-no-retina>\n<!---->\t\t\t\t\t\t<\/rs-slide>\n\t\t\t\t\t\t<rs-slide style=\"position: absolute;\" data-key=\"rs-1603\" data-title=\"Slide\" data-thumb=\"\/\/sevenspaces.pl\/wp-content\/uploads\/2021\/03\/Falmec_15-50x100.jpg\" data-anim=\"ms:1000;r:0;\" data-in=\"o:0;\" data-out=\"a:false;\">\n\t\t\t\t\t\t\t<img decoding=\"async\" src=\"\/\/sevenspaces.pl\/wp-content\/plugins\/revslider\/public\/assets\/assets\/dummy.png\" alt=\"\" title=\"Falmec\" class=\"rev-slidebg tp-rs-img rs-lazyload\" data-lazyload=\"\/\/sevenspaces.pl\/wp-content\/uploads\/2021\/03\/Falmec_15.jpg\" data-parallax=\"off\" data-no-retina>\n<!---->\t\t\t\t\t\t<\/rs-slide>\n\t\t\t\t\t\t<rs-slide style=\"position: absolute;\" data-key=\"rs-1604\" data-title=\"Slide\" data-thumb=\"\/\/sevenspaces.pl\/wp-content\/uploads\/2021\/03\/Falmec_16-50x100.jpg\" data-anim=\"ms:1000;r:0;\" data-in=\"o:0;\" data-out=\"a:false;\">\n\t\t\t\t\t\t\t<img decoding=\"async\" src=\"\/\/sevenspaces.pl\/wp-content\/plugins\/revslider\/public\/assets\/assets\/dummy.png\" alt=\"\" title=\"Falmec\" class=\"rev-slidebg tp-rs-img rs-lazyload\" data-lazyload=\"\/\/sevenspaces.pl\/wp-content\/uploads\/2021\/03\/Falmec_16.jpg\" data-parallax=\"off\" data-no-retina>\n<!---->\t\t\t\t\t\t<\/rs-slide>\n\t\t\t\t\t\t<rs-slide style=\"position: absolute;\" data-key=\"rs-1605\" data-title=\"Slide\" data-thumb=\"\/\/sevenspaces.pl\/wp-content\/uploads\/2021\/03\/Falmec_17-50x100.jpg\" data-anim=\"ms:1000;r:0;\" data-in=\"o:0;\" data-out=\"a:false;\">\n\t\t\t\t\t\t\t<img decoding=\"async\" src=\"\/\/sevenspaces.pl\/wp-content\/plugins\/revslider\/public\/assets\/assets\/dummy.png\" alt=\"\" title=\"Falmec\" class=\"rev-slidebg tp-rs-img rs-lazyload\" data-lazyload=\"\/\/sevenspaces.pl\/wp-content\/uploads\/2021\/03\/Falmec_17.jpg\" data-parallax=\"off\" data-no-retina>\n<!---->\t\t\t\t\t\t<\/rs-slide>\n\t\t\t\t\t<\/rs-slides>\n\t\t\t\t<\/rs-module>\n\t\t\t\t<script>\n\t\t\t\t\tsetREVStartSize({c: 'rev_slider_9_1',rl:[1240,1024,778,480],el:[768],gw:[1366],gh:[768],type:'carousel',justify:'',layout:'fullwidth',thumbh:\"80\",mh:\"0\"});if (window.RS_MODULES!==undefined && window.RS_MODULES.modules!==undefined && window.RS_MODULES.modules[\"revslider91\"]!==undefined) {window.RS_MODULES.modules[\"revslider91\"].once = false;window.revapi9 = undefined;if (window.RS_MODULES.checkMinimal!==undefined) window.RS_MODULES.checkMinimal()}\n\t\t\t\t<\/script>\n\t\t\t<\/rs-module-wrap>\n\t\t\t<!-- END REVOLUTION SLIDER -->\n<\/div><\/div><\/div><div class=\"fusion-layout-column fusion_builder_column fusion-builder-column-2 fusion_builder_column_1_1 1_1 fusion-flex-column fusion-flex-align-self-flex-start fusion-column-no-min-height\" style=\"--awb-bg-size:cover;--awb-width-large:100%;--awb-margin-top-large:30px;--awb-spacing-right-large:1.92%;--awb-margin-bottom-large:20px;--awb-spacing-left-large:1.92%;--awb-width-medium:100%;--awb-spacing-right-medium:1.92%;--awb-spacing-left-medium:1.92%;--awb-width-small:100%;--awb-spacing-right-small:1.92%;--awb-spacing-left-small:1.92%;\"><div class=\"fusion-column-wrapper fusion-column-has-shadow fusion-flex-justify-content-flex-start fusion-content-layout-column\"><div class=\"fusion-text fusion-text-1\"><p style=\"text-align: center;\">Je\u017celi w najlepszych kuchniach \u015bwiatach mamy now\u0105, intryguj\u0105c\u0105 i pozytywn\u0105 atmosfer\u0119, to zawdzi\u0119czamy to Falmec. Ta w\u0142oska firma sta\u0142a si\u0119 absolutnym mi\u0119dzynarodowym punktem odniesienia: w dziedzinie jako\u015bci, innowacji, designu i zr\u00f3wnowa\u017conego rozwoju. Du\u017cy, wielop\u0142aszczyznowy projekt, wykorzystuj\u0105cy unikalne technologie, wysokiej jako\u015bci materia\u0142y i estetyczne emocje, wszystko to po to, aby atmosfera w kuchni by\u0142a wy\u015bmienita. Kolekcja, ca\u0142y czas wzbogacana prze\u0142omowymi innowacjami, poszukuj\u0105ca kolejnych mo\u017cliwo\u015bci i przejaw\u00f3w doskona\u0142o\u015bci Falmec.<\/p>\n<\/div><\/div><\/div><div class=\"fusion-layout-column fusion_builder_column fusion-builder-column-3 fusion_builder_column_1_1 1_1 fusion-flex-column fusion-flex-align-self-flex-start fusion-column-no-min-height\" style=\"--awb-padding-top:40px;--awb-bg-size:cover;--awb-width-large:100%;--awb-margin-top-large:0px;--awb-spacing-right-large:1.92%;--awb-margin-bottom-large:20px;--awb-spacing-left-large:1.92%;--awb-width-medium:100%;--awb-spacing-right-medium:1.92%;--awb-spacing-left-medium:1.92%;--awb-width-small:100%;--awb-spacing-right-small:1.92%;--awb-spacing-left-small:1.92%;\"><div class=\"fusion-column-wrapper fusion-flex-justify-content-flex-start fusion-content-layout-column\"><div style=\"text-align:center;\"><a class=\"fusion-button button-flat button-xlarge button-default fusion-button-default button-1 fusion-button-default-span fusion-button-default-type\" style=\"--button_text_transform:uppercase;\" target=\"_blank\" rel=\"noopener noreferrer\" href=\"https:\/\/www.facebook.com\/SevenSpacesShowroom\/shop\/?ref_code=mini_shop_page_card_cta&amp;ref_surface=page\"><span class=\"fusion-button-text\">ZOBACZ OFERT\u0118 NA FB<\/span><\/a><\/div><\/div><\/div><\/div><\/div>\n","protected":false},"excerpt":{"rendered":"","protected":false},"author":7,"featured_media":0,"parent":373,"menu_order":0,"comment_status":"closed","ping_status":"closed","template":"100-width.php","meta":{"footnotes":""},"class_list":["post-1672","page","type-page","status-publish","hentry"],"yoast_head":"<!-- This site is optimized with the Yoast SEO plugin v27.5 - https:\/\/yoast.com\/product\/yoast-seo-wordpress\/ -->\n<title>Falmec - Seven Spaces Showroom<\/title>\n<meta name=\"robots\" content=\"index, follow, max-snippet:-1, max-image-preview:large, max-video-preview:-1\" \/>\n<link rel=\"canonical\" href=\"https:\/\/sevenspaces.pl\/?page_id=1672\" \/>\n<meta property=\"og:locale\" content=\"pl_PL\" \/>\n<meta property=\"og:type\" content=\"article\" \/>\n<meta property=\"og:title\" content=\"Falmec - Seven Spaces Showroom\" \/>\n<meta property=\"og:url\" content=\"https:\/\/sevenspaces.pl\/?page_id=1672\" \/>\n<meta property=\"og:site_name\" content=\"Seven Spaces Showroom\" \/>\n<meta property=\"article:modified_time\" content=\"2021-06-04T07:26:08+00:00\" \/>\n<meta name=\"twitter:card\" content=\"summary_large_image\" \/>\n<meta name=\"twitter:label1\" content=\"Szacowany czas czytania\" \/>\n\t<meta name=\"twitter:data1\" content=\"4 minuty\" \/>\n<script type=\"application\/ld+json\" class=\"yoast-schema-graph\">{\"@context\":\"https:\\\/\\\/schema.org\",\"@graph\":[{\"@type\":\"WebPage\",\"@id\":\"https:\\\/\\\/sevenspaces.pl\\\/?page_id=1672\",\"url\":\"https:\\\/\\\/sevenspaces.pl\\\/?page_id=1672\",\"name\":\"Falmec - Seven Spaces Showroom\",\"isPartOf\":{\"@id\":\"https:\\\/\\\/sevenspaces.pl\\\/#website\"},\"datePublished\":\"2021-03-08T12:34:29+00:00\",\"dateModified\":\"2021-06-04T07:26:08+00:00\",\"breadcrumb\":{\"@id\":\"https:\\\/\\\/sevenspaces.pl\\\/?page_id=1672#breadcrumb\"},\"inLanguage\":\"pl-PL\",\"potentialAction\":[{\"@type\":\"ReadAction\",\"target\":[\"https:\\\/\\\/sevenspaces.pl\\\/?page_id=1672\"]}]},{\"@type\":\"BreadcrumbList\",\"@id\":\"https:\\\/\\\/sevenspaces.pl\\\/?page_id=1672#breadcrumb\",\"itemListElement\":[{\"@type\":\"ListItem\",\"position\":1,\"name\":\"Strona g\u0142\u00f3wna\",\"item\":\"https:\\\/\\\/sevenspaces.pl\\\/\"},{\"@type\":\"ListItem\",\"position\":2,\"name\":\"Produkty\",\"item\":\"https:\\\/\\\/sevenspaces.pl\\\/?page_id=17\"},{\"@type\":\"ListItem\",\"position\":3,\"name\":\"Sprz\u0119ty AGD\",\"item\":\"https:\\\/\\\/sevenspaces.pl\\\/?page_id=373\"},{\"@type\":\"ListItem\",\"position\":4,\"name\":\"Falmec\"}]},{\"@type\":\"WebSite\",\"@id\":\"https:\\\/\\\/sevenspaces.pl\\\/#website\",\"url\":\"https:\\\/\\\/sevenspaces.pl\\\/\",\"name\":\"Seven Spaces Showroom\",\"description\":\"\",\"potentialAction\":[{\"@type\":\"SearchAction\",\"target\":{\"@type\":\"EntryPoint\",\"urlTemplate\":\"https:\\\/\\\/sevenspaces.pl\\\/?s={search_term_string}\"},\"query-input\":{\"@type\":\"PropertyValueSpecification\",\"valueRequired\":true,\"valueName\":\"search_term_string\"}}],\"inLanguage\":\"pl-PL\"}]}<\/script>\n<!-- \/ Yoast SEO plugin. -->","yoast_head_json":{"title":"Falmec - Seven Spaces Showroom","robots":{"index":"index","follow":"follow","max-snippet":"max-snippet:-1","max-image-preview":"max-image-preview:large","max-video-preview":"max-video-preview:-1"},"canonical":"https:\/\/sevenspaces.pl\/?page_id=1672","og_locale":"pl_PL","og_type":"article","og_title":"Falmec - Seven Spaces Showroom","og_url":"https:\/\/sevenspaces.pl\/?page_id=1672","og_site_name":"Seven Spaces Showroom","article_modified_time":"2021-06-04T07:26:08+00:00","twitter_card":"summary_large_image","twitter_misc":{"Szacowany czas czytania":"4 minuty"},"schema":{"@context":"https:\/\/schema.org","@graph":[{"@type":"WebPage","@id":"https:\/\/sevenspaces.pl\/?page_id=1672","url":"https:\/\/sevenspaces.pl\/?page_id=1672","name":"Falmec - Seven Spaces Showroom","isPartOf":{"@id":"https:\/\/sevenspaces.pl\/#website"},"datePublished":"2021-03-08T12:34:29+00:00","dateModified":"2021-06-04T07:26:08+00:00","breadcrumb":{"@id":"https:\/\/sevenspaces.pl\/?page_id=1672#breadcrumb"},"inLanguage":"pl-PL","potentialAction":[{"@type":"ReadAction","target":["https:\/\/sevenspaces.pl\/?page_id=1672"]}]},{"@type":"BreadcrumbList","@id":"https:\/\/sevenspaces.pl\/?page_id=1672#breadcrumb","itemListElement":[{"@type":"ListItem","position":1,"name":"Strona g\u0142\u00f3wna","item":"https:\/\/sevenspaces.pl\/"},{"@type":"ListItem","position":2,"name":"Produkty","item":"https:\/\/sevenspaces.pl\/?page_id=17"},{"@type":"ListItem","position":3,"name":"Sprz\u0119ty AGD","item":"https:\/\/sevenspaces.pl\/?page_id=373"},{"@type":"ListItem","position":4,"name":"Falmec"}]},{"@type":"WebSite","@id":"https:\/\/sevenspaces.pl\/#website","url":"https:\/\/sevenspaces.pl\/","name":"Seven Spaces Showroom","description":"","potentialAction":[{"@type":"SearchAction","target":{"@type":"EntryPoint","urlTemplate":"https:\/\/sevenspaces.pl\/?s={search_term_string}"},"query-input":{"@type":"PropertyValueSpecification","valueRequired":true,"valueName":"search_term_string"}}],"inLanguage":"pl-PL"}]}},"_links":{"self":[{"href":"https:\/\/sevenspaces.pl\/index.php?rest_route=\/wp\/v2\/pages\/1672","targetHints":{"allow":["GET"]}}],"collection":[{"href":"https:\/\/sevenspaces.pl\/index.php?rest_route=\/wp\/v2\/pages"}],"about":[{"href":"https:\/\/sevenspaces.pl\/index.php?rest_route=\/wp\/v2\/types\/page"}],"author":[{"embeddable":true,"href":"https:\/\/sevenspaces.pl\/index.php?rest_route=\/wp\/v2\/users\/7"}],"replies":[{"embeddable":true,"href":"https:\/\/sevenspaces.pl\/index.php?rest_route=%2Fwp%2Fv2%2Fcomments&post=1672"}],"version-history":[{"count":6,"href":"https:\/\/sevenspaces.pl\/index.php?rest_route=\/wp\/v2\/pages\/1672\/revisions"}],"predecessor-version":[{"id":2916,"href":"https:\/\/sevenspaces.pl\/index.php?rest_route=\/wp\/v2\/pages\/1672\/revisions\/2916"}],"up":[{"embeddable":true,"href":"https:\/\/sevenspaces.pl\/index.php?rest_route=\/wp\/v2\/pages\/373"}],"wp:attachment":[{"href":"https:\/\/sevenspaces.pl\/index.php?rest_route=%2Fwp%2Fv2%2Fmedia&parent=1672"}],"curies":[{"name":"wp","href":"https:\/\/api.w.org\/{rel}","templated":true}]}}