{"id":1489,"date":"2021-03-05T12:38:41","date_gmt":"2021-03-05T11:38:41","guid":{"rendered":"https:\/\/sevenspaces.pl\/?page_id=1489"},"modified":"2021-06-04T09:23:18","modified_gmt":"2021-06-04T07:23:18","slug":"liebherr","status":"publish","type":"page","link":"https:\/\/sevenspaces.pl\/?page_id=1489","title":{"rendered":"Liebherr"},"content":{"rendered":"<div class=\"fusion-fullwidth fullwidth-box fusion-builder-row-1 fusion-flex-container fusion-parallax-none nonhundred-percent-fullwidth non-hundred-percent-height-scrolling\" style=\"--awb-background-position:center top;--awb-border-radius-top-left:0px;--awb-border-radius-top-right:0px;--awb-border-radius-bottom-right:0px;--awb-border-radius-bottom-left:0px;--awb-padding-top:3%;--awb-padding-bottom:6%;--awb-margin-bottom:0px;--awb-background-color:#171717;--awb-background-image:url(&quot;https:\/\/sevenspaces.pl\/wp-content\/uploads\/2018\/12\/avadabarbers-about-introbackground.jpg&quot;);--awb-background-size:cover;--awb-flex-wrap:wrap;\" ><div class=\"fusion-builder-row fusion-row fusion-flex-align-items-stretch fusion-flex-content-wrap\" style=\"max-width:1185.6px;margin-left: calc(-4% \/ 2 );margin-right: calc(-4% \/ 2 );\"><div class=\"fusion-layout-column fusion_builder_column fusion-builder-column-0 fusion_builder_column_1_1 1_1 fusion-flex-column fusion-flex-align-self-flex-start fusion-column-no-min-height\" style=\"--awb-padding-top:60px;--awb-bg-position:center top;--awb-bg-size:cover;--awb-width-large:100%;--awb-margin-top-large:0px;--awb-spacing-right-large:1.92%;--awb-margin-bottom-large:20px;--awb-spacing-left-large:1.92%;--awb-width-medium:100%;--awb-spacing-right-medium:1.92%;--awb-spacing-left-medium:1.92%;--awb-width-small:100%;--awb-spacing-right-small:1.92%;--awb-spacing-left-small:1.92%;\"><div class=\"fusion-column-wrapper fusion-flex-justify-content-center fusion-content-layout-column\"><div class=\"fusion-title title fusion-title-1 fusion-sep-none fusion-title-center fusion-title-text fusion-title-size-two\" style=\"--awb-margin-bottom:0px;\"><h2 class=\"fusion-title-heading title-heading-center fusion-responsive-typography-calculated\" style=\"margin:0;--fontSize:16;--minFontSize:16;line-height:1.2;\">CH\u0141ODZIARKI \u2022 ZAMRA\u017bARKI \u2022 CH\u0141ODZIARKO-ZAMRA\u017bARKI \u2022 WINIARKI \u2022 DO ZABUDOWY I WOLNOSTOJ\u0104CE<\/h2><\/div><div class=\"fusion-title title fusion-title-2 fusion-sep-none fusion-title-center fusion-title-text fusion-title-size-three\" style=\"--awb-margin-bottom:40px;--awb-font-size:70px;\"><h3 class=\"fusion-title-heading title-heading-center fusion-responsive-typography-calculated\" style=\"margin:0;font-size:1em;--fontSize:70;line-height:1.4;\">Liebherr<\/h3><\/div><\/div><\/div><div class=\"fusion-layout-column fusion_builder_column fusion-builder-column-1 fusion_builder_column_1_1 1_1 fusion-flex-column\" style=\"--awb-bg-size:cover;--awb-width-large:100%;--awb-margin-top-large:0px;--awb-spacing-right-large:1.92%;--awb-margin-bottom-large:20px;--awb-spacing-left-large:1.92%;--awb-width-medium:100%;--awb-spacing-right-medium:1.92%;--awb-spacing-left-medium:1.92%;--awb-width-small:100%;--awb-spacing-right-small:1.92%;--awb-spacing-left-small:1.92%;\"><div class=\"fusion-column-wrapper fusion-column-has-shadow fusion-flex-justify-content-flex-start fusion-content-layout-column\">\n<div class=\"fusion-slider-revolution rev_slider_wrapper\">\t\t\t<!-- START Liebherr REVOLUTION SLIDER 6.6.18 --><p class=\"rs-p-wp-fix\"><\/p>\n\t\t\t<rs-module-wrap id=\"rev_slider_4_1_wrapper\" data-source=\"gallery\" style=\"visibility:hidden;background:transparent;padding:0;margin:0px auto;margin-top:0;margin-bottom:0;\">\n\t\t\t\t<rs-module id=\"rev_slider_4_1\" style=\"\" data-version=\"6.6.18\">\n\t\t\t\t\t<rs-slides style=\"overflow: hidden; position: absolute;\">\n\t\t\t\t\t\t<rs-slide style=\"position: absolute;\" data-key=\"rs-1677\" data-title=\"Slide\" data-thumb=\"\/\/sevenspaces.pl\/wp-content\/uploads\/2021\/02\/Liebherr-1-50x100.jpg\" data-anim=\"ms:1000;r:0;\" data-in=\"o:0;\" data-out=\"a:false;\">\n\t\t\t\t\t\t\t<img decoding=\"async\" src=\"\/\/sevenspaces.pl\/wp-content\/plugins\/revslider\/public\/assets\/assets\/dummy.png\" alt=\"\" title=\"Liebherr\" class=\"rev-slidebg tp-rs-img rs-lazyload\" data-lazyload=\"\/\/sevenspaces.pl\/wp-content\/uploads\/2021\/02\/Liebherr-1.jpg\" data-parallax=\"off\" data-no-retina>\n<!---->\t\t\t\t\t\t<\/rs-slide>\n\t\t\t\t\t\t<rs-slide style=\"position: absolute;\" data-key=\"rs-1678\" data-title=\"Slide\" data-thumb=\"\/\/sevenspaces.pl\/wp-content\/uploads\/2021\/02\/Liebherr-2-50x100.jpg\" data-anim=\"ms:1000;r:0;\" data-in=\"o:0;\" data-out=\"a:false;\">\n\t\t\t\t\t\t\t<img decoding=\"async\" src=\"\/\/sevenspaces.pl\/wp-content\/plugins\/revslider\/public\/assets\/assets\/dummy.png\" alt=\"\" title=\"Liebherr\" class=\"rev-slidebg tp-rs-img rs-lazyload\" data-lazyload=\"\/\/sevenspaces.pl\/wp-content\/uploads\/2021\/02\/Liebherr-2.jpg\" data-parallax=\"off\" data-no-retina>\n<!---->\t\t\t\t\t\t<\/rs-slide>\n\t\t\t\t\t\t<rs-slide style=\"position: absolute;\" data-key=\"rs-1679\" data-title=\"Slide\" data-thumb=\"\/\/sevenspaces.pl\/wp-content\/uploads\/2021\/02\/Liebherr-3-50x100.jpg\" data-anim=\"ms:1000;r:0;\" data-in=\"o:0;\" data-out=\"a:false;\">\n\t\t\t\t\t\t\t<img decoding=\"async\" src=\"\/\/sevenspaces.pl\/wp-content\/plugins\/revslider\/public\/assets\/assets\/dummy.png\" alt=\"\" title=\"Liebherr\" class=\"rev-slidebg tp-rs-img rs-lazyload\" data-lazyload=\"\/\/sevenspaces.pl\/wp-content\/uploads\/2021\/02\/Liebherr-3.jpg\" data-parallax=\"off\" data-no-retina>\n<!---->\t\t\t\t\t\t<\/rs-slide>\n\t\t\t\t\t\t<rs-slide style=\"position: absolute;\" data-key=\"rs-1680\" data-title=\"Slide\" data-thumb=\"\/\/sevenspaces.pl\/wp-content\/uploads\/2021\/02\/Liebherr-4-50x100.jpg\" data-anim=\"ms:1000;r:0;\" data-in=\"o:0;\" data-out=\"a:false;\">\n\t\t\t\t\t\t\t<img decoding=\"async\" src=\"\/\/sevenspaces.pl\/wp-content\/plugins\/revslider\/public\/assets\/assets\/dummy.png\" alt=\"\" title=\"Liebherr\" class=\"rev-slidebg tp-rs-img rs-lazyload\" data-lazyload=\"\/\/sevenspaces.pl\/wp-content\/uploads\/2021\/02\/Liebherr-4.jpg\" data-parallax=\"off\" data-no-retina>\n<!---->\t\t\t\t\t\t<\/rs-slide>\n\t\t\t\t\t\t<rs-slide style=\"position: absolute;\" data-key=\"rs-1681\" data-title=\"Slide\" data-thumb=\"\/\/sevenspaces.pl\/wp-content\/uploads\/2021\/02\/Liebherr-5-50x100.jpg\" data-anim=\"ms:1000;r:0;\" data-in=\"o:0;\" data-out=\"a:false;\">\n\t\t\t\t\t\t\t<img decoding=\"async\" src=\"\/\/sevenspaces.pl\/wp-content\/plugins\/revslider\/public\/assets\/assets\/dummy.png\" alt=\"\" title=\"Liebherr\" class=\"rev-slidebg tp-rs-img rs-lazyload\" data-lazyload=\"\/\/sevenspaces.pl\/wp-content\/uploads\/2021\/02\/Liebherr-5.jpg\" data-parallax=\"off\" data-no-retina>\n<!---->\t\t\t\t\t\t<\/rs-slide>\n\t\t\t\t\t\t<rs-slide style=\"position: absolute;\" data-key=\"rs-1682\" data-title=\"Slide\" data-thumb=\"\/\/sevenspaces.pl\/wp-content\/uploads\/2021\/02\/Liebherr-6-50x100.jpg\" data-anim=\"ms:1000;r:0;\" data-in=\"o:0;\" data-out=\"a:false;\">\n\t\t\t\t\t\t\t<img decoding=\"async\" src=\"\/\/sevenspaces.pl\/wp-content\/plugins\/revslider\/public\/assets\/assets\/dummy.png\" alt=\"\" title=\"Liebherr\" class=\"rev-slidebg tp-rs-img rs-lazyload\" data-lazyload=\"\/\/sevenspaces.pl\/wp-content\/uploads\/2021\/02\/Liebherr-6.jpg\" data-parallax=\"off\" data-no-retina>\n<!---->\t\t\t\t\t\t<\/rs-slide>\n\t\t\t\t\t\t<rs-slide style=\"position: absolute;\" data-key=\"rs-1683\" data-title=\"Slide\" data-thumb=\"\/\/sevenspaces.pl\/wp-content\/uploads\/2021\/02\/Liebherr-7-50x100.jpg\" data-anim=\"ms:1000;r:0;\" data-in=\"o:0;\" data-out=\"a:false;\">\n\t\t\t\t\t\t\t<img decoding=\"async\" src=\"\/\/sevenspaces.pl\/wp-content\/plugins\/revslider\/public\/assets\/assets\/dummy.png\" alt=\"\" title=\"Liebherr\" class=\"rev-slidebg tp-rs-img rs-lazyload\" data-lazyload=\"\/\/sevenspaces.pl\/wp-content\/uploads\/2021\/02\/Liebherr-7.jpg\" data-parallax=\"off\" data-no-retina>\n<!---->\t\t\t\t\t\t<\/rs-slide>\n\t\t\t\t\t\t<rs-slide style=\"position: absolute;\" data-key=\"rs-1684\" data-title=\"Slide\" data-thumb=\"\/\/sevenspaces.pl\/wp-content\/uploads\/2021\/02\/Liebherr-8-50x100.jpg\" data-anim=\"ms:1000;r:0;\" data-in=\"o:0;\" data-out=\"a:false;\">\n\t\t\t\t\t\t\t<img decoding=\"async\" src=\"\/\/sevenspaces.pl\/wp-content\/plugins\/revslider\/public\/assets\/assets\/dummy.png\" alt=\"\" title=\"Liebherr\" class=\"rev-slidebg tp-rs-img rs-lazyload\" data-lazyload=\"\/\/sevenspaces.pl\/wp-content\/uploads\/2021\/02\/Liebherr-8.jpg\" data-parallax=\"off\" data-no-retina>\n<!---->\t\t\t\t\t\t<\/rs-slide>\n\t\t\t\t\t\t<rs-slide style=\"position: absolute;\" data-key=\"rs-1685\" data-title=\"Slide\" data-thumb=\"\/\/sevenspaces.pl\/wp-content\/uploads\/2021\/02\/Liebherr-9-50x100.jpg\" data-anim=\"ms:1000;r:0;\" data-in=\"o:0;\" data-out=\"a:false;\">\n\t\t\t\t\t\t\t<img decoding=\"async\" src=\"\/\/sevenspaces.pl\/wp-content\/plugins\/revslider\/public\/assets\/assets\/dummy.png\" alt=\"\" title=\"Liebherr\" class=\"rev-slidebg tp-rs-img rs-lazyload\" data-lazyload=\"\/\/sevenspaces.pl\/wp-content\/uploads\/2021\/02\/Liebherr-9.jpg\" data-parallax=\"off\" data-no-retina>\n<!---->\t\t\t\t\t\t<\/rs-slide>\n\t\t\t\t\t\t<rs-slide style=\"position: absolute;\" data-key=\"rs-1686\" data-title=\"Slide\" data-thumb=\"\/\/sevenspaces.pl\/wp-content\/uploads\/2021\/02\/Liebherr-10-50x100.jpg\" data-anim=\"ms:1000;r:0;\" data-in=\"o:0;\" data-out=\"a:false;\">\n\t\t\t\t\t\t\t<img decoding=\"async\" src=\"\/\/sevenspaces.pl\/wp-content\/plugins\/revslider\/public\/assets\/assets\/dummy.png\" alt=\"\" title=\"Liebherr\" class=\"rev-slidebg tp-rs-img rs-lazyload\" data-lazyload=\"\/\/sevenspaces.pl\/wp-content\/uploads\/2021\/02\/Liebherr-10.jpg\" data-parallax=\"off\" data-no-retina>\n<!---->\t\t\t\t\t\t<\/rs-slide>\n\t\t\t\t\t\t<rs-slide style=\"position: absolute;\" data-key=\"rs-1687\" data-title=\"Slide\" data-thumb=\"\/\/sevenspaces.pl\/wp-content\/uploads\/2021\/02\/Liebherr-11-50x100.jpg\" data-anim=\"ms:1000;r:0;\" data-in=\"o:0;\" data-out=\"a:false;\">\n\t\t\t\t\t\t\t<img decoding=\"async\" src=\"\/\/sevenspaces.pl\/wp-content\/plugins\/revslider\/public\/assets\/assets\/dummy.png\" alt=\"\" title=\"Liebherr\" class=\"rev-slidebg tp-rs-img rs-lazyload\" data-lazyload=\"\/\/sevenspaces.pl\/wp-content\/uploads\/2021\/02\/Liebherr-11.jpg\" data-parallax=\"off\" data-no-retina>\n<!---->\t\t\t\t\t\t<\/rs-slide>\n\t\t\t\t\t\t<rs-slide style=\"position: absolute;\" data-key=\"rs-1688\" data-title=\"Slide\" data-thumb=\"\/\/sevenspaces.pl\/wp-content\/uploads\/2021\/02\/Liebherr-12-50x100.jpg\" data-anim=\"ms:1000;r:0;\" data-in=\"o:0;\" data-out=\"a:false;\">\n\t\t\t\t\t\t\t<img decoding=\"async\" src=\"\/\/sevenspaces.pl\/wp-content\/plugins\/revslider\/public\/assets\/assets\/dummy.png\" alt=\"\" title=\"Liebherr\" class=\"rev-slidebg tp-rs-img rs-lazyload\" data-lazyload=\"\/\/sevenspaces.pl\/wp-content\/uploads\/2021\/02\/Liebherr-12.jpg\" data-parallax=\"off\" data-no-retina>\n<!---->\t\t\t\t\t\t<\/rs-slide>\n\t\t\t\t\t\t<rs-slide style=\"position: absolute;\" data-key=\"rs-1689\" data-title=\"Slide\" data-thumb=\"\/\/sevenspaces.pl\/wp-content\/uploads\/2021\/02\/Liebherr-13-50x100.jpg\" data-anim=\"ms:1000;r:0;\" data-in=\"o:0;\" data-out=\"a:false;\">\n\t\t\t\t\t\t\t<img decoding=\"async\" src=\"\/\/sevenspaces.pl\/wp-content\/plugins\/revslider\/public\/assets\/assets\/dummy.png\" alt=\"\" title=\"Liebherr\" class=\"rev-slidebg tp-rs-img rs-lazyload\" data-lazyload=\"\/\/sevenspaces.pl\/wp-content\/uploads\/2021\/02\/Liebherr-13.jpg\" data-parallax=\"off\" data-no-retina>\n<!---->\t\t\t\t\t\t<\/rs-slide>\n\t\t\t\t\t\t<rs-slide style=\"position: absolute;\" data-key=\"rs-1690\" data-title=\"Slide\" data-thumb=\"\/\/sevenspaces.pl\/wp-content\/uploads\/2021\/02\/Liebherr-14-50x100.jpg\" data-anim=\"ms:1000;r:0;\" data-in=\"o:0;\" data-out=\"a:false;\">\n\t\t\t\t\t\t\t<img decoding=\"async\" src=\"\/\/sevenspaces.pl\/wp-content\/plugins\/revslider\/public\/assets\/assets\/dummy.png\" alt=\"\" title=\"Liebherr\" class=\"rev-slidebg tp-rs-img rs-lazyload\" data-lazyload=\"\/\/sevenspaces.pl\/wp-content\/uploads\/2021\/02\/Liebherr-14.jpg\" data-parallax=\"off\" data-no-retina>\n<!---->\t\t\t\t\t\t<\/rs-slide>\n\t\t\t\t\t\t<rs-slide style=\"position: absolute;\" data-key=\"rs-1691\" data-title=\"Slide\" data-thumb=\"\/\/sevenspaces.pl\/wp-content\/uploads\/2021\/02\/Liebherr-15-50x100.jpg\" data-anim=\"ms:1000;r:0;\" data-in=\"o:0;\" data-out=\"a:false;\">\n\t\t\t\t\t\t\t<img decoding=\"async\" src=\"\/\/sevenspaces.pl\/wp-content\/plugins\/revslider\/public\/assets\/assets\/dummy.png\" alt=\"\" title=\"Liebherr\" class=\"rev-slidebg tp-rs-img rs-lazyload\" data-lazyload=\"\/\/sevenspaces.pl\/wp-content\/uploads\/2021\/02\/Liebherr-15.jpg\" data-parallax=\"off\" data-no-retina>\n<!---->\t\t\t\t\t\t<\/rs-slide>\n\t\t\t\t\t\t<rs-slide style=\"position: absolute;\" data-key=\"rs-1692\" data-title=\"Slide\" data-thumb=\"\/\/sevenspaces.pl\/wp-content\/uploads\/2021\/03\/Liebherr-17-50x100.jpg\" data-anim=\"ms:1000;r:0;\" data-in=\"o:0;\" data-out=\"a:false;\">\n\t\t\t\t\t\t\t<img decoding=\"async\" src=\"\/\/sevenspaces.pl\/wp-content\/plugins\/revslider\/public\/assets\/assets\/dummy.png\" alt=\"\" title=\"Liebherr\" class=\"rev-slidebg tp-rs-img rs-lazyload\" data-lazyload=\"\/\/sevenspaces.pl\/wp-content\/uploads\/2021\/03\/Liebherr-17.jpg\" data-parallax=\"off\" data-no-retina>\n<!---->\t\t\t\t\t\t<\/rs-slide>\n\t\t\t\t\t\t<rs-slide style=\"position: absolute;\" data-key=\"rs-1693\" data-title=\"Slide\" data-thumb=\"\/\/sevenspaces.pl\/wp-content\/uploads\/2021\/03\/Liebherr-18-50x100.jpg\" data-anim=\"ms:1000;r:0;\" data-in=\"o:0;\" data-out=\"a:false;\">\n\t\t\t\t\t\t\t<img decoding=\"async\" src=\"\/\/sevenspaces.pl\/wp-content\/plugins\/revslider\/public\/assets\/assets\/dummy.png\" alt=\"\" title=\"Liebherr\" class=\"rev-slidebg tp-rs-img rs-lazyload\" data-lazyload=\"\/\/sevenspaces.pl\/wp-content\/uploads\/2021\/03\/Liebherr-18.jpg\" data-parallax=\"off\" data-no-retina>\n<!---->\t\t\t\t\t\t<\/rs-slide>\n\t\t\t\t\t<\/rs-slides>\n\t\t\t\t<\/rs-module>\n\t\t\t\t<script>\n\t\t\t\t\tsetREVStartSize({c: 'rev_slider_4_1',rl:[1240,1024,778,480],el:[768],gw:[1366],gh:[768],type:'carousel',justify:'',layout:'fullwidth',thumbh:\"80\",mh:\"0\"});if (window.RS_MODULES!==undefined && window.RS_MODULES.modules!==undefined && window.RS_MODULES.modules[\"revslider41\"]!==undefined) {window.RS_MODULES.modules[\"revslider41\"].once = false;window.revapi4 = undefined;if (window.RS_MODULES.checkMinimal!==undefined) window.RS_MODULES.checkMinimal()}\n\t\t\t\t<\/script>\n\t\t\t<\/rs-module-wrap>\n\t\t\t<!-- END REVOLUTION SLIDER -->\n<\/div><\/div><\/div><div class=\"fusion-layout-column fusion_builder_column fusion-builder-column-2 fusion_builder_column_1_1 1_1 fusion-flex-column fusion-flex-align-self-flex-start fusion-column-no-min-height\" style=\"--awb-bg-size:cover;--awb-width-large:100%;--awb-margin-top-large:30px;--awb-spacing-right-large:1.92%;--awb-margin-bottom-large:20px;--awb-spacing-left-large:1.92%;--awb-width-medium:100%;--awb-spacing-right-medium:1.92%;--awb-spacing-left-medium:1.92%;--awb-width-small:100%;--awb-spacing-right-small:1.92%;--awb-spacing-left-small:1.92%;\"><div class=\"fusion-column-wrapper fusion-column-has-shadow fusion-flex-justify-content-flex-start fusion-content-layout-column\"><div class=\"fusion-text fusion-text-1\"><p style=\"text-align: center;\">Domowe ch\u0142odziarki, zamra\u017carki, ch\u0142odziarko-zamra\u017carki i winiarki Liebherr zosta\u0142y stworzone z my\u015bl\u0105 o ponadprzeci\u0119tnych parametrach technicznych, nowoczesnym wystroju oraz wygodzie.<\/p>\n<p style=\"text-align: center;\">Wolnostoj\u0105ce urz\u0105dzenia domowe Liebherr s\u0105 dost\u0119pne w klasycznych wyko\u0144czeniach \u2013 bia\u0142ym lub ze stali szlachetnej \u2013 jak r\u00f3wnie\u017c w wersjach niestandardowych. Wszystkie modele s\u0105 wyposa\u017cone w praktyczne funkcje oraz akcesoria wykonane zgodnie z najwy\u017cszymi standardami jako\u015bci firmy Liebherr.<\/p>\n<p style=\"text-align: center;\">Ch\u0142odziarki i zamra\u017carki do zabudowy Liebherr to innowacyjna technologia i bogaty wyb\u00f3r rozmiar\u00f3w. Projektuj\u0105c nasze urz\u0105dzenia do zabudowy, zwracamy szczeg\u00f3ln\u0105 uwag\u0119 na po\u0142\u0105czenie wydajno\u015bci energetycznej i przydatnych, innowacyjnych funkcji.<\/p>\n<p style=\"text-align: center;\">Urz\u0105dzenia Liebherr emanuj\u0105 ponadczasow\u0105 elegancj\u0105, a ich konstrukcja i wyko\u0144czenie odzwierciedlaj\u0105 najnowsze trendy w dziedzinie wystroju wn\u0119trz.<\/p>\n<\/div><\/div><\/div><div class=\"fusion-layout-column fusion_builder_column fusion-builder-column-3 fusion_builder_column_1_1 1_1 fusion-flex-column fusion-flex-align-self-flex-start fusion-column-no-min-height\" style=\"--awb-padding-top:40px;--awb-bg-size:cover;--awb-width-large:100%;--awb-margin-top-large:0px;--awb-spacing-right-large:1.92%;--awb-margin-bottom-large:20px;--awb-spacing-left-large:1.92%;--awb-width-medium:100%;--awb-spacing-right-medium:1.92%;--awb-spacing-left-medium:1.92%;--awb-width-small:100%;--awb-spacing-right-small:1.92%;--awb-spacing-left-small:1.92%;\"><div class=\"fusion-column-wrapper fusion-flex-justify-content-flex-start fusion-content-layout-column\"><div style=\"text-align:center;\"><a class=\"fusion-button button-flat button-xlarge button-default fusion-button-default button-1 fusion-button-default-span fusion-button-default-type\" style=\"--button_text_transform:uppercase;\" target=\"_blank\" rel=\"noopener noreferrer\" href=\"https:\/\/www.facebook.com\/SevenSpacesShowroom\/shop\/?ref_code=mini_shop_page_card_cta&amp;ref_surface=page\"><span class=\"fusion-button-text\">ZOBACZ OFERT\u0118 NA FB<\/span><\/a><\/div><\/div><\/div><\/div><\/div>\n","protected":false},"excerpt":{"rendered":"","protected":false},"author":7,"featured_media":0,"parent":373,"menu_order":0,"comment_status":"closed","ping_status":"closed","template":"100-width.php","meta":{"footnotes":""},"class_list":["post-1489","page","type-page","status-publish","hentry"],"yoast_head":"<!-- This site is optimized with the Yoast SEO plugin v27.6 - https:\/\/yoast.com\/product\/yoast-seo-wordpress\/ -->\n<title>Liebherr - Seven Spaces Showroom<\/title>\n<meta name=\"robots\" content=\"index, follow, max-snippet:-1, max-image-preview:large, max-video-preview:-1\" \/>\n<link rel=\"canonical\" href=\"https:\/\/sevenspaces.pl\/?page_id=1489\" \/>\n<meta property=\"og:locale\" content=\"pl_PL\" \/>\n<meta property=\"og:type\" content=\"article\" \/>\n<meta property=\"og:title\" content=\"Liebherr - Seven Spaces Showroom\" \/>\n<meta property=\"og:url\" content=\"https:\/\/sevenspaces.pl\/?page_id=1489\" \/>\n<meta property=\"og:site_name\" content=\"Seven Spaces Showroom\" \/>\n<meta property=\"article:modified_time\" content=\"2021-06-04T07:23:18+00:00\" \/>\n<meta name=\"twitter:card\" content=\"summary_large_image\" \/>\n<meta name=\"twitter:label1\" content=\"Szacowany czas czytania\" \/>\n\t<meta name=\"twitter:data1\" content=\"4 minuty\" \/>\n<script type=\"application\/ld+json\" class=\"yoast-schema-graph\">{\"@context\":\"https:\\\/\\\/schema.org\",\"@graph\":[{\"@type\":\"WebPage\",\"@id\":\"https:\\\/\\\/sevenspaces.pl\\\/?page_id=1489\",\"url\":\"https:\\\/\\\/sevenspaces.pl\\\/?page_id=1489\",\"name\":\"Liebherr - Seven Spaces Showroom\",\"isPartOf\":{\"@id\":\"https:\\\/\\\/sevenspaces.pl\\\/#website\"},\"datePublished\":\"2021-03-05T11:38:41+00:00\",\"dateModified\":\"2021-06-04T07:23:18+00:00\",\"breadcrumb\":{\"@id\":\"https:\\\/\\\/sevenspaces.pl\\\/?page_id=1489#breadcrumb\"},\"inLanguage\":\"pl-PL\",\"potentialAction\":[{\"@type\":\"ReadAction\",\"target\":[\"https:\\\/\\\/sevenspaces.pl\\\/?page_id=1489\"]}]},{\"@type\":\"BreadcrumbList\",\"@id\":\"https:\\\/\\\/sevenspaces.pl\\\/?page_id=1489#breadcrumb\",\"itemListElement\":[{\"@type\":\"ListItem\",\"position\":1,\"name\":\"Strona g\u0142\u00f3wna\",\"item\":\"https:\\\/\\\/sevenspaces.pl\\\/\"},{\"@type\":\"ListItem\",\"position\":2,\"name\":\"Produkty\",\"item\":\"https:\\\/\\\/sevenspaces.pl\\\/?page_id=17\"},{\"@type\":\"ListItem\",\"position\":3,\"name\":\"Sprz\u0119ty AGD\",\"item\":\"https:\\\/\\\/sevenspaces.pl\\\/?page_id=373\"},{\"@type\":\"ListItem\",\"position\":4,\"name\":\"Liebherr\"}]},{\"@type\":\"WebSite\",\"@id\":\"https:\\\/\\\/sevenspaces.pl\\\/#website\",\"url\":\"https:\\\/\\\/sevenspaces.pl\\\/\",\"name\":\"Seven Spaces Showroom\",\"description\":\"\",\"potentialAction\":[{\"@type\":\"SearchAction\",\"target\":{\"@type\":\"EntryPoint\",\"urlTemplate\":\"https:\\\/\\\/sevenspaces.pl\\\/?s={search_term_string}\"},\"query-input\":{\"@type\":\"PropertyValueSpecification\",\"valueRequired\":true,\"valueName\":\"search_term_string\"}}],\"inLanguage\":\"pl-PL\"}]}<\/script>\n<!-- \/ Yoast SEO plugin. -->","yoast_head_json":{"title":"Liebherr - Seven Spaces Showroom","robots":{"index":"index","follow":"follow","max-snippet":"max-snippet:-1","max-image-preview":"max-image-preview:large","max-video-preview":"max-video-preview:-1"},"canonical":"https:\/\/sevenspaces.pl\/?page_id=1489","og_locale":"pl_PL","og_type":"article","og_title":"Liebherr - Seven Spaces Showroom","og_url":"https:\/\/sevenspaces.pl\/?page_id=1489","og_site_name":"Seven Spaces Showroom","article_modified_time":"2021-06-04T07:23:18+00:00","twitter_card":"summary_large_image","twitter_misc":{"Szacowany czas czytania":"4 minuty"},"schema":{"@context":"https:\/\/schema.org","@graph":[{"@type":"WebPage","@id":"https:\/\/sevenspaces.pl\/?page_id=1489","url":"https:\/\/sevenspaces.pl\/?page_id=1489","name":"Liebherr - Seven Spaces Showroom","isPartOf":{"@id":"https:\/\/sevenspaces.pl\/#website"},"datePublished":"2021-03-05T11:38:41+00:00","dateModified":"2021-06-04T07:23:18+00:00","breadcrumb":{"@id":"https:\/\/sevenspaces.pl\/?page_id=1489#breadcrumb"},"inLanguage":"pl-PL","potentialAction":[{"@type":"ReadAction","target":["https:\/\/sevenspaces.pl\/?page_id=1489"]}]},{"@type":"BreadcrumbList","@id":"https:\/\/sevenspaces.pl\/?page_id=1489#breadcrumb","itemListElement":[{"@type":"ListItem","position":1,"name":"Strona g\u0142\u00f3wna","item":"https:\/\/sevenspaces.pl\/"},{"@type":"ListItem","position":2,"name":"Produkty","item":"https:\/\/sevenspaces.pl\/?page_id=17"},{"@type":"ListItem","position":3,"name":"Sprz\u0119ty AGD","item":"https:\/\/sevenspaces.pl\/?page_id=373"},{"@type":"ListItem","position":4,"name":"Liebherr"}]},{"@type":"WebSite","@id":"https:\/\/sevenspaces.pl\/#website","url":"https:\/\/sevenspaces.pl\/","name":"Seven Spaces Showroom","description":"","potentialAction":[{"@type":"SearchAction","target":{"@type":"EntryPoint","urlTemplate":"https:\/\/sevenspaces.pl\/?s={search_term_string}"},"query-input":{"@type":"PropertyValueSpecification","valueRequired":true,"valueName":"search_term_string"}}],"inLanguage":"pl-PL"}]}},"_links":{"self":[{"href":"https:\/\/sevenspaces.pl\/index.php?rest_route=\/wp\/v2\/pages\/1489","targetHints":{"allow":["GET"]}}],"collection":[{"href":"https:\/\/sevenspaces.pl\/index.php?rest_route=\/wp\/v2\/pages"}],"about":[{"href":"https:\/\/sevenspaces.pl\/index.php?rest_route=\/wp\/v2\/types\/page"}],"author":[{"embeddable":true,"href":"https:\/\/sevenspaces.pl\/index.php?rest_route=\/wp\/v2\/users\/7"}],"replies":[{"embeddable":true,"href":"https:\/\/sevenspaces.pl\/index.php?rest_route=%2Fwp%2Fv2%2Fcomments&post=1489"}],"version-history":[{"count":7,"href":"https:\/\/sevenspaces.pl\/index.php?rest_route=\/wp\/v2\/pages\/1489\/revisions"}],"predecessor-version":[{"id":2921,"href":"https:\/\/sevenspaces.pl\/index.php?rest_route=\/wp\/v2\/pages\/1489\/revisions\/2921"}],"up":[{"embeddable":true,"href":"https:\/\/sevenspaces.pl\/index.php?rest_route=\/wp\/v2\/pages\/373"}],"wp:attachment":[{"href":"https:\/\/sevenspaces.pl\/index.php?rest_route=%2Fwp%2Fv2%2Fmedia&parent=1489"}],"curies":[{"name":"wp","href":"https:\/\/api.w.org\/{rel}","templated":true}]}}